{"id":3362,"date":"2024-06-19T16:09:19","date_gmt":"2024-06-19T14:09:19","guid":{"rendered":"https:\/\/www.van-dyck-antwerpen.be\/home\/noerd\/st-paulus-kirche\/van-balen-die-verkuendigung-geheimnisse\/"},"modified":"2025-08-24T15:12:48","modified_gmt":"2025-08-24T13:12:48","slug":"van-balen-die-verkuendigung-geheimnisse","status":"publish","type":"page","link":"https:\/\/www.van-dyck-antwerpen.be\/de\/home\/noerd\/st-paulus-kirche\/van-balen-die-verkuendigung-geheimnisse\/","title":{"rendered":"Van Balen: Die Verk\u00fcndigung (Geheimnisse)"},"content":{"rendered":"\t\t<div data-elementor-type=\"wp-page\" data-elementor-id=\"3362\" class=\"elementor elementor-3362 elementor-953\">\n\t\t\t\t<div class=\"elementor-element elementor-element-ad42995 e-flex e-con-boxed e-con e-parent\" data-id=\"ad42995\" data-element_type=\"container\" data-e-type=\"container\">\n\t\t\t\t\t<div class=\"e-con-inner\">\n\t\t\t\t<div class=\"elementor-element elementor-element-dbf73d7 elementor-widget elementor-widget-heading\" data-id=\"dbf73d7\" data-element_type=\"widget\" data-e-type=\"widget\" data-widget_type=\"heading.default\">\n\t\t\t\t<div class=\"elementor-widget-container\">\n\t\t\t\t\t<h2 class=\"elementor-heading-title elementor-size-default\">Hendrick van Balen: Die Verk\u00fcndigung (Geheimnisse des Rosenkranzes)<\/h2>\t\t\t\t<\/div>\n\t\t\t\t<\/div>\n\t\t\t\t\t<\/div>\n\t\t\t\t<\/div>\n\t\t<div class=\"elementor-element elementor-element-858a2f5 e-flex e-con-boxed e-con e-parent\" data-id=\"858a2f5\" data-element_type=\"container\" data-e-type=\"container\">\n\t\t\t\t\t<div class=\"e-con-inner\">\n\t\t\t\t<div class=\"elementor-element elementor-element-a76b7d1 elementor-widget elementor-widget-text-editor\" data-id=\"a76b7d1\" data-element_type=\"widget\" data-e-type=\"widget\" data-widget_type=\"text-editor.default\">\n\t\t\t\t<div class=\"elementor-widget-container\">\n\t\t\t\t\t\t\t\t\t<p><a href=\"http:\/\/van-dyck-antwerpen.be\/wp-content\/uploads\/331P-STP-HVB-Boodschap-Maria.jpg\"><img fetchpriority=\"high\" decoding=\"async\" class=\"alignleft wp-image-612 size-medium\" src=\"http:\/\/van-dyck-antwerpen.be\/wp-content\/uploads\/331P-STP-HVB-Boodschap-Maria-234x300.jpg\" alt=\"\" width=\"234\" height=\"300\" srcset=\"https:\/\/www.van-dyck-antwerpen.be\/wp-content\/uploads\/331P-STP-HVB-Boodschap-Maria-234x300.jpg 234w, https:\/\/www.van-dyck-antwerpen.be\/wp-content\/uploads\/331P-STP-HVB-Boodschap-Maria-768x984.jpg 768w, https:\/\/www.van-dyck-antwerpen.be\/wp-content\/uploads\/331P-STP-HVB-Boodschap-Maria.jpg 799w\" sizes=\"(max-width: 234px) 100vw, 234px\" \/><\/a><\/p>\n<p style=\"text-align: justify;\"><em>Das Gem\u00e4lde, &#8218;die Verk\u00fcndigung&#8216; dient als &#8218;Trailer&#8216;, um in die Handlung einzusteigen.<\/em><\/p>\n<p><\/p>\n<hr \/>\n<p><\/p>\n<p style=\"text-align: justify;\">In der Sankt Paulkirche kann man etwas Au\u00dfergew\u00f6hnliches sehen, n\u00e4mlich einen Zyklus aus 15 barocken Gem\u00e4lden verschiedensten Maler, die ein einziges Thema darstellen. Der Zyklus bezieht sich auf die Marienverehrung, genauer gesagt auf den Rosenkranz.<\/p>\n<p><\/p>\n<p style=\"text-align: justify;\">Gebetsketten gibt es in verschiedenen Religionen, wie die 99 Namen Allahs; manche haben heute ihren religi\u00f6sen Hintergrund verloren, wie etwa die griechischen Perlenschn\u00fcre oder <em>Komboloi<\/em> (mit 23 Steinen, abgeleitet von der religi\u00f6sen Version mit 33, die Anzahl der Lebensjahre Jesu. Als Mittel zum Stressabbau sind sie kaum zu \u00fcbertreffen \u2013 und das zu einem g\u00fcnstigen Preis.<\/p>\n<p><\/p>\n<p style=\"text-align: justify;\">Im Christentum, genauer gesagt im Katholizismus, besteht der Rosenkranz aus f\u00fcnf Gruppen von jeweils 11 Perlen, wovon eine Perle jemals f\u00fcr das Vaterunser, und zehn weitere f\u00fcr das Ave-Maria stehen.<\/p>\n<p><\/p>\n<p style=\"text-align: justify;\">Jede dieser Perlengruppen repr\u00e4sentiert ein Geheimnis des Rosenkranzes. W\u00e4hrend und nach ihrem Leben erfuhr Maria f\u00fcnf freudige, f\u00fcnf traurige und schlie\u00dflich f\u00fcnf glorreiche Ereignisse. Es sind diese 15 Episoden, die in den Gem\u00e4lden dargestellt werden. Das bedeutet, dass Sie den Rosenkranz dreimal rundum beten. Die Dominikaner ma\u00dfen dieser Form der Gebetswiederholung eine besondere Bedeutung bei; das sieht man sp\u00e4ter am gro\u00dfen Gem\u00e4lde von Caravaggio.<\/p>\n<p><\/p>\n<p style=\"text-align: justify;\">Die Elite der Antwerpener Maler arbeitete von 1615 bis 1620 an diesem Projekt, das einen Einblick in die Vielfalt der pers\u00f6nlichen Stile und Techniken erlaubt. Die Gem\u00e4lde sind \u00fcberwiegend traditionell, zeigen aber gelegentlich auch unkonventionelle Elemente. Fast alle Maler erhielten \u00fcbrigens vergleichbare Honorare von etwa 150 Gulden, auch wenn sie unterschiedliche private Sponsoren hatten.<\/p>\n<p><\/p>\n<p style=\"text-align: justify;\">Betrachten wir den \u201e<em>Trailer\u201c<\/em> des Zyklus, die \u201a<em>Verk\u00fcndigung\u2018<\/em>, den Moment, in dem der Engel Gabriel Maria vorhersagt, dass sie Mutter werden wird. Wie in mittelalterlichen Darstellungen h\u00e4lt Maria ein Gebetbuch in der Hand, was als indirekter Hinweis auf die Belesenheit der Frauen gilt. Die Figuren sind in vielen Farben gemalt, wirken jedoch wie \u201aSpielpuppen\u2018: sie zeigen wenig Gef\u00fchl und k\u00f6nnen kaum Emotion vermitteln.<\/p>\n<p><\/p>\n<p style=\"text-align: justify;\">Zu seiner Zeit genoss der Maler Hendrick van Balen offenbar einen hohen Marktwert; denn er war der Einzige, der f\u00fcr seine Arbeit 216 Gulden erhielt. In seinem Atelier, wahrscheinlich in der Lange Nieuwstraat, absolvierte der junge Anthony Van Dyck seine Lehrzeit.<\/p>\n<p><\/p>\n<p style=\"text-align: justify;\"><span style=\"color: #008000;\"><strong>Folgen Sie weiter der Reihe der Geheimnisse des Rosenkranzes: <a href=\"https:\/\/van-dyck-antwerpen.be\/de\/home\/noord\/sint-pauluskerk\/cornelis-de-vos-de-geboorte-mysteries\/\"><u>Die Geburt Christi<\/u><\/a><\/strong><\/span><\/p>\n\t\t\t\t\t\t\t\t<\/div>\n\t\t\t\t<\/div>\n\t\t\t\t\t<\/div>\n\t\t\t\t<\/div>\n\t\t\t\t<\/div>\n\t\t","protected":false},"excerpt":{"rendered":"<p>Hendrick van Balen: Die Verk\u00fcndigung (Geheimnisse des Rosenkranzes) Das Gem\u00e4lde, &#8218;die Verk\u00fcndigung&#8216; dient als &#8218;Trailer&#8216;, um in die Handlung einzusteigen. [&hellip;]<\/p>\n","protected":false},"author":1,"featured_media":0,"parent":3360,"menu_order":331,"comment_status":"closed","ping_status":"closed","template":"","meta":{"site-sidebar-layout":"no-sidebar","site-content-layout":"","ast-site-content-layout":"full-width-container","site-content-style":"default","site-sidebar-style":"default","ast-global-header-display":"","ast-banner-title-visibility":"","ast-main-header-display":"","ast-hfb-above-header-display":"","ast-hfb-below-header-display":"","ast-hfb-mobile-header-display":"","site-post-title":"disabled","ast-breadcrumbs-content":"","ast-featured-img":"disabled","footer-sml-layout":"","ast-disable-related-posts":"","theme-transparent-header-meta":"","adv-header-id-meta":"","stick-header-meta":"","header-above-stick-meta":"","header-main-stick-meta":"","header-below-stick-meta":"","astra-migrate-meta-layouts":"default","ast-page-background-enabled":"default","ast-page-background-meta":{"desktop":{"background-color":"var(--ast-global-color-4)","background-image":"","background-repeat":"repeat","background-position":"center center","background-size":"auto","background-attachment":"scroll","background-type":"","background-media":"","overlay-type":"","overlay-color":"","overlay-opacity":"","overlay-gradient":""},"tablet":{"background-color":"","background-image":"","background-repeat":"repeat","background-position":"center center","background-size":"auto","background-attachment":"scroll","background-type":"","background-media":"","overlay-type":"","overlay-color":"","overlay-opacity":"","overlay-gradient":""},"mobile":{"background-color":"","background-image":"","background-repeat":"repeat","background-position":"center center","background-size":"auto","background-attachment":"scroll","background-type":"","background-media":"","overlay-type":"","overlay-color":"","overlay-opacity":"","overlay-gradient":""}},"ast-content-background-meta":{"desktop":{"background-color":"var(--ast-global-color-5)","background-image":"","background-repeat":"repeat","background-position":"center center","background-size":"auto","background-attachment":"scroll","background-type":"","background-media":"","overlay-type":"","overlay-color":"","overlay-opacity":"","overlay-gradient":""},"tablet":{"background-color":"var(--ast-global-color-5)","background-image":"","background-repeat":"repeat","background-position":"center center","background-size":"auto","background-attachment":"scroll","background-type":"","background-media":"","overlay-type":"","overlay-color":"","overlay-opacity":"","overlay-gradient":""},"mobile":{"background-color":"var(--ast-global-color-5)","background-image":"","background-repeat":"repeat","background-position":"center center","background-size":"auto","background-attachment":"scroll","background-type":"","background-media":"","overlay-type":"","overlay-color":"","overlay-opacity":"","overlay-gradient":""}},"footnotes":""},"class_list":["post-3362","page","type-page","status-publish","hentry"],"aioseo_notices":[],"_links":{"self":[{"href":"https:\/\/www.van-dyck-antwerpen.be\/de\/wp-json\/wp\/v2\/pages\/3362","targetHints":{"allow":["GET"]}}],"collection":[{"href":"https:\/\/www.van-dyck-antwerpen.be\/de\/wp-json\/wp\/v2\/pages"}],"about":[{"href":"https:\/\/www.van-dyck-antwerpen.be\/de\/wp-json\/wp\/v2\/types\/page"}],"author":[{"embeddable":true,"href":"https:\/\/www.van-dyck-antwerpen.be\/de\/wp-json\/wp\/v2\/users\/1"}],"replies":[{"embeddable":true,"href":"https:\/\/www.van-dyck-antwerpen.be\/de\/wp-json\/wp\/v2\/comments?post=3362"}],"version-history":[{"count":10,"href":"https:\/\/www.van-dyck-antwerpen.be\/de\/wp-json\/wp\/v2\/pages\/3362\/revisions"}],"predecessor-version":[{"id":6744,"href":"https:\/\/www.van-dyck-antwerpen.be\/de\/wp-json\/wp\/v2\/pages\/3362\/revisions\/6744"}],"up":[{"embeddable":true,"href":"https:\/\/www.van-dyck-antwerpen.be\/de\/wp-json\/wp\/v2\/pages\/3360"}],"wp:attachment":[{"href":"https:\/\/www.van-dyck-antwerpen.be\/de\/wp-json\/wp\/v2\/media?parent=3362"}],"curies":[{"name":"wp","href":"https:\/\/api.w.org\/{rel}","templated":true}]}}