{"id":3236,"date":"2024-06-19T16:10:48","date_gmt":"2024-06-19T14:10:48","guid":{"rendered":"https:\/\/www.van-dyck-antwerpen.be\/home\/nord\/eglise-saint-paul\/cornelis-de-vos-la-nativite-mysteres\/"},"modified":"2025-08-23T17:06:39","modified_gmt":"2025-08-23T15:06:39","slug":"cornelis-de-vos-la-nativite-mysteres","status":"publish","type":"page","link":"https:\/\/www.van-dyck-antwerpen.be\/fr\/home\/nord\/eglise-saint-paul\/cornelis-de-vos-la-nativite-mysteres\/","title":{"rendered":"Cornelis De Vos : La Nativit\u00e9 (Myst\u00e8res)"},"content":{"rendered":"\t\t<div data-elementor-type=\"wp-page\" data-elementor-id=\"3236\" class=\"elementor elementor-3236 elementor-958\">\n\t\t\t\t<div class=\"elementor-element elementor-element-ad42995 e-flex e-con-boxed e-con e-parent\" data-id=\"ad42995\" data-element_type=\"container\" data-e-type=\"container\">\n\t\t\t\t\t<div class=\"e-con-inner\">\n\t\t\t\t<div class=\"elementor-element elementor-element-dbf73d7 elementor-widget elementor-widget-heading\" data-id=\"dbf73d7\" data-element_type=\"widget\" data-e-type=\"widget\" data-widget_type=\"heading.default\">\n\t\t\t\t<div class=\"elementor-widget-container\">\n\t\t\t\t\t<h2 class=\"elementor-heading-title elementor-size-default\">Cornelis de Vos : La Nativit\u00e9 (Myst\u00e8res du Rosaire)<\/h2>\t\t\t\t<\/div>\n\t\t\t\t<\/div>\n\t\t\t\t\t<\/div>\n\t\t\t\t<\/div>\n\t\t<div class=\"elementor-element elementor-element-62a83cb e-flex e-con-boxed e-con e-parent\" data-id=\"62a83cb\" data-element_type=\"container\" data-e-type=\"container\">\n\t\t\t\t\t<div class=\"e-con-inner\">\n\t\t\t\t<div class=\"elementor-element elementor-element-679225a elementor-widget elementor-widget-text-editor\" data-id=\"679225a\" data-element_type=\"widget\" data-e-type=\"widget\" data-widget_type=\"text-editor.default\">\n\t\t\t\t<div class=\"elementor-widget-container\">\n\t\t\t\t\t\t\t\t\t<p style=\"text-align: justify;\"><a href=\"http:\/\/van-dyck-antwerpen.be\/wp-content\/uploads\/332P-STP-CDV-Geboorte-Christus.jpg\"><img fetchpriority=\"high\" decoding=\"async\" class=\"wp-image-615 size-medium alignleft\" src=\"http:\/\/van-dyck-antwerpen.be\/wp-content\/uploads\/332P-STP-CDV-Geboorte-Christus-223x300.jpg\" alt=\"\" width=\"223\" height=\"300\" srcset=\"https:\/\/www.van-dyck-antwerpen.be\/wp-content\/uploads\/332P-STP-CDV-Geboorte-Christus-223x300.jpg 223w, https:\/\/www.van-dyck-antwerpen.be\/wp-content\/uploads\/332P-STP-CDV-Geboorte-Christus.jpg 762w\" sizes=\"(max-width: 223px) 100vw, 223px\" \/><\/a><\/p>\n<p><\/p>\n<p style=\"text-align: justify;\"><em>Dans cette nuit de No\u00ebl, Cornelis De Vos &#8230; a bien intelligemment fait luire la Lumi\u00e8re \u00e0 partir de l&rsquo;image du Messie nouveau-n\u00e9, comme \u00e9tant la Lumi\u00e8re divine dans l\u2019obscurit\u00e9 des nations<\/em> <em>(traduction libre de ce qu&rsquo;\u00e9crivait Jacob van der Sanden en 1781).<\/em><\/p>\n<p><\/p>\n<hr \/>\n<p><\/p>\n<p style=\"text-align: justify;\">Dans la <em>\u2018Nativit\u00e9\u2019, <\/em>la troisi\u00e8me sc\u00e8ne du cycle, on peut voir comment Cornelis De Vos joue avec ses pinceaux de couleur pour alterner la lumi\u00e8re et l&rsquo;ombre.<\/p>\n<p><\/p>\n<p style=\"text-align: justify;\">Nous avons d\u00e9j\u00e0 rencontr\u00e9 ce ma\u00eetre au Mus\u00e9e Mayer van den Bergh avec ses ravissants portraits d&rsquo;enfants; tout comme ces derniers et d&rsquo;autres \u2018<em>Nativit\u00e9\u2019 <\/em>on peut les comprendre comme un \u00e9v\u00e9nement qui se passe en cercle familial.<\/p>\n<p><\/p>\n<p style=\"text-align: justify;\">Marie, en m\u00e8re fi\u00e8re, soul\u00e8ve les couches pour montrer l&rsquo;enfant aux bergers; Joseph se tient dans l&rsquo;ombre de sa femme et porte son attention sur les anges comme s&rsquo;il ne voyait qu&rsquo;eux. Le vis-\u00e0-vis de Marie est l&rsquo;autre jeune femme avec le pot au lait sur la t\u00eate. Blanche est la luminosit\u00e9 de son tablier et de ses manches, de son visage et ses bras. Un \u00e9clat doux fait briller le laiton de la cruche.<\/p>\n<p><\/p>\n<p style=\"text-align: justify;\">La v\u00e9ritable source de lumi\u00e8re est l&rsquo;enfant nouveau-n\u00e9; elle brille sur les tuniques et les v\u00eatements color\u00e9s puissamment rendus des bergers en adoration. Elle projette de la chaleur sur les jeunes et les moins jeunes, affichant une <em>joie sinc\u00e8re sur les visages <\/em>(citation d\u2019\u00e9poque). Le portrait le plus raffin\u00e9 semble \u00eatre celui du gar\u00e7on avec le b\u00e2ton sur l&rsquo;\u00e9paule &#8211; que De Vos est capable de peindre des enfants est une fois de plus prouv\u00e9 ici.<\/p>\n<p><\/p>\n<p style=\"text-align: justify;\">Les couleurs ne sont pas seulement un r\u00e9gal pour les yeux ou des agents de contraste; le pr\u00e9cieux bleu outremer de la robe de Marie enveloppe son voile blanc et son teint clair, symbolisant sa puret\u00e9. L&rsquo;agneau apport\u00e9 comme offrande symbolise d\u00e9j\u00e0 le myst\u00e8re pascal futur.<\/p>\n<p><\/p>\n<p style=\"text-align: justify;\">Comparez cette sc\u00e8ne avec \u2018L\u2019<em>Adoration des bergers\u2019 de <\/em>Rubens dans la m\u00eame \u00e9glise.<\/p>\n<p><\/p>\n<p style=\"text-align: justify;\"><span style=\"color: #008000;\"><strong>Poursuivez la s\u00e9rie Myst\u00e8res du Rosaire: <a href=\"https:\/\/van-dyck-antwerpen.be\/fr\/home\/noord\/sint-pauluskerk\/rubens-de-geseling\/\"><u>la Flagellation<\/u><\/a><\/strong><\/span><\/p>\n\t\t\t\t\t\t\t\t<\/div>\n\t\t\t\t<\/div>\n\t\t\t\t\t<\/div>\n\t\t\t\t<\/div>\n\t\t\t\t<\/div>\n\t\t","protected":false},"excerpt":{"rendered":"<p>Cornelis de Vos : La Nativit\u00e9 (Myst\u00e8res du Rosaire) Dans cette nuit de No\u00ebl, Cornelis De Vos &#8230; a bien [&hellip;]<\/p>\n","protected":false},"author":1,"featured_media":0,"parent":3225,"menu_order":332,"comment_status":"closed","ping_status":"closed","template":"","meta":{"site-sidebar-layout":"no-sidebar","site-content-layout":"","ast-site-content-layout":"full-width-container","site-content-style":"default","site-sidebar-style":"default","ast-global-header-display":"","ast-banner-title-visibility":"","ast-main-header-display":"","ast-hfb-above-header-display":"","ast-hfb-below-header-display":"","ast-hfb-mobile-header-display":"","site-post-title":"disabled","ast-breadcrumbs-content":"","ast-featured-img":"disabled","footer-sml-layout":"","ast-disable-related-posts":"","theme-transparent-header-meta":"","adv-header-id-meta":"","stick-header-meta":"","header-above-stick-meta":"","header-main-stick-meta":"","header-below-stick-meta":"","astra-migrate-meta-layouts":"default","ast-page-background-enabled":"default","ast-page-background-meta":{"desktop":{"background-color":"var(--ast-global-color-4)","background-image":"","background-repeat":"repeat","background-position":"center center","background-size":"auto","background-attachment":"scroll","background-type":"","background-media":"","overlay-type":"","overlay-color":"","overlay-opacity":"","overlay-gradient":""},"tablet":{"background-color":"","background-image":"","background-repeat":"repeat","background-position":"center center","background-size":"auto","background-attachment":"scroll","background-type":"","background-media":"","overlay-type":"","overlay-color":"","overlay-opacity":"","overlay-gradient":""},"mobile":{"background-color":"","background-image":"","background-repeat":"repeat","background-position":"center center","background-size":"auto","background-attachment":"scroll","background-type":"","background-media":"","overlay-type":"","overlay-color":"","overlay-opacity":"","overlay-gradient":""}},"ast-content-background-meta":{"desktop":{"background-color":"var(--ast-global-color-5)","background-image":"","background-repeat":"repeat","background-position":"center center","background-size":"auto","background-attachment":"scroll","background-type":"","background-media":"","overlay-type":"","overlay-color":"","overlay-opacity":"","overlay-gradient":""},"tablet":{"background-color":"var(--ast-global-color-5)","background-image":"","background-repeat":"repeat","background-position":"center center","background-size":"auto","background-attachment":"scroll","background-type":"","background-media":"","overlay-type":"","overlay-color":"","overlay-opacity":"","overlay-gradient":""},"mobile":{"background-color":"var(--ast-global-color-5)","background-image":"","background-repeat":"repeat","background-position":"center center","background-size":"auto","background-attachment":"scroll","background-type":"","background-media":"","overlay-type":"","overlay-color":"","overlay-opacity":"","overlay-gradient":""}},"footnotes":""},"class_list":["post-3236","page","type-page","status-publish","hentry"],"aioseo_notices":[],"_links":{"self":[{"href":"https:\/\/www.van-dyck-antwerpen.be\/fr\/wp-json\/wp\/v2\/pages\/3236","targetHints":{"allow":["GET"]}}],"collection":[{"href":"https:\/\/www.van-dyck-antwerpen.be\/fr\/wp-json\/wp\/v2\/pages"}],"about":[{"href":"https:\/\/www.van-dyck-antwerpen.be\/fr\/wp-json\/wp\/v2\/types\/page"}],"author":[{"embeddable":true,"href":"https:\/\/www.van-dyck-antwerpen.be\/fr\/wp-json\/wp\/v2\/users\/1"}],"replies":[{"embeddable":true,"href":"https:\/\/www.van-dyck-antwerpen.be\/fr\/wp-json\/wp\/v2\/comments?post=3236"}],"version-history":[{"count":8,"href":"https:\/\/www.van-dyck-antwerpen.be\/fr\/wp-json\/wp\/v2\/pages\/3236\/revisions"}],"predecessor-version":[{"id":6655,"href":"https:\/\/www.van-dyck-antwerpen.be\/fr\/wp-json\/wp\/v2\/pages\/3236\/revisions\/6655"}],"up":[{"embeddable":true,"href":"https:\/\/www.van-dyck-antwerpen.be\/fr\/wp-json\/wp\/v2\/pages\/3225"}],"wp:attachment":[{"href":"https:\/\/www.van-dyck-antwerpen.be\/fr\/wp-json\/wp\/v2\/media?parent=3236"}],"curies":[{"name":"wp","href":"https:\/\/api.w.org\/{rel}","templated":true}]}}